{"id":70,"date":"2025-02-27T06:34:46","date_gmt":"2025-02-27T10:34:46","guid":{"rendered":"https:\/\/octavatarija.org\/?page_id=70"},"modified":"2025-08-22T15:46:26","modified_gmt":"2025-08-22T19:46:26","slug":"proyectos-y-programas","status":"publish","type":"page","link":"https:\/\/octavatarija.org\/?page_id=70","title":{"rendered":"Proyectos y Programas"},"content":{"rendered":"\n<p>La Fundaci\u00f3n Octava desarrolla programas educativos y sociales que fusionan la formaci\u00f3n musical con el desarrollo personal y comunitario. A trav\u00e9s de clases, talleres de orquesta sinf\u00f3nica, clases de instrumentos, clases de coro y actividades complementarias de dibujo y expresi\u00f3n corporal, brindamos a ni\u00f1os y j\u00f3venes la oportunidad de aprender en un ambiente seguro y estimulante. Nuestros programas no solo promueven el talento musical, sino que tambi\u00e9n fomentan valores como la inclusi\u00f3n, el trabajo en equipo y la disciplina, contribuyendo a la prevenci\u00f3n, inclusi\u00f3n y rescate social en la comunidad. Con el apoyo de alianzas nacionales e internacionales, trabajamos para transformar vidas y fortalecer el tejido cultural de Tarija.<\/p>\n\n\n\n<h5 class=\"wp-block-heading\">Programa Despertar Musical:<\/h5>\n\n\n\n<p>Un espacio l\u00fadico para que los ni\u00f1os descubran la magia de los sonidos y ritmos. A trav\u00e9s de actividades interactivas y juegos, dibujos y expresi\u00f3n corporal, este programa busca estimular la sensibilidad musical desde temprana edad y despertar el inter\u00e9s por el arte.<\/p>\n\n\n\n<figure class=\"wp-block-gallery has-nested-images columns-default is-cropped wp-block-gallery-1 is-layout-flex wp-block-gallery-is-layout-flex\">\n<figure class=\"wp-block-image size-large\"><img loading=\"lazy\" decoding=\"async\" width=\"2048\" height=\"1365\" data-id=\"129\" src=\"https:\/\/octavatarija.org\/wp-content\/uploads\/2025\/03\/476849544_636005872315530_5208209820682380906_n.jpg\" alt=\"\" class=\"wp-image-129\"\/><\/figure>\n\n\n\n<figure class=\"wp-block-image size-large\"><img loading=\"lazy\" decoding=\"async\" width=\"1440\" height=\"960\" data-id=\"130\" src=\"https:\/\/octavatarija.org\/wp-content\/uploads\/2025\/03\/476792979_633931062523011_6429033764650294184_n.jpg\" alt=\"\" class=\"wp-image-130\"\/><\/figure>\n\n\n\n<figure class=\"wp-block-image size-large\"><img loading=\"lazy\" decoding=\"async\" width=\"2048\" height=\"1365\" data-id=\"132\" src=\"https:\/\/octavatarija.org\/wp-content\/uploads\/2025\/03\/476769132_636005462315571_8785389294314097265_n.jpg\" alt=\"\" class=\"wp-image-132\"\/><\/figure>\n\n\n\n<figure class=\"wp-block-image size-large\"><img loading=\"lazy\" decoding=\"async\" width=\"1216\" height=\"810\" data-id=\"128\" src=\"https:\/\/octavatarija.org\/wp-content\/uploads\/2025\/03\/476243458_633931129189671_9019606176677732532_n.jpg\" alt=\"\" class=\"wp-image-128\"\/><\/figure>\n\n\n\n<figure class=\"wp-block-image size-large\"><img loading=\"lazy\" decoding=\"async\" width=\"1440\" height=\"960\" data-id=\"131\" src=\"https:\/\/octavatarija.org\/wp-content\/uploads\/2025\/03\/475965024_633931385856312_4315886383501660795_n.jpg\" alt=\"\" class=\"wp-image-131\"\/><\/figure>\n<\/figure>\n\n\n\n<h5 class=\"wp-block-heading\">Iniciaci\u00f3n Musical:<\/h5>\n\n\n\n<p>Dirigido a ni\u00f1os y j\u00f3venes que comienzan su formaci\u00f3n musical, ofrece clases b\u00e1sicas de teor\u00eda e interpretaci\u00f3n instrumental. Este programa sienta las bases para el desarrollo de habilidades auditivas y r\u00edtmicas.<\/p>\n\n\n\n<figure class=\"wp-block-gallery has-nested-images columns-default is-cropped wp-block-gallery-2 is-layout-flex wp-block-gallery-is-layout-flex\">\n<figure class=\"wp-block-image size-large\"><img loading=\"lazy\" decoding=\"async\" width=\"1600\" height=\"800\" data-id=\"333\" src=\"https:\/\/octavatarija.org\/wp-content\/uploads\/2025\/08\/formacion-infantil-5-1.jpg\" alt=\"\" class=\"wp-image-333\"\/><\/figure>\n\n\n\n<figure class=\"wp-block-image size-large\"><img loading=\"lazy\" decoding=\"async\" width=\"1600\" height=\"800\" data-id=\"331\" src=\"https:\/\/octavatarija.org\/wp-content\/uploads\/2025\/08\/formacion-infantil-3-1.jpg\" alt=\"\" class=\"wp-image-331\"\/><\/figure>\n\n\n\n<figure class=\"wp-block-image size-large\"><img loading=\"lazy\" decoding=\"async\" width=\"1600\" height=\"800\" data-id=\"332\" src=\"https:\/\/octavatarija.org\/wp-content\/uploads\/2025\/08\/formacion-infantil-4-1.jpg\" alt=\"\" class=\"wp-image-332\"\/><\/figure>\n\n\n\n<figure class=\"wp-block-image size-large\"><img loading=\"lazy\" decoding=\"async\" width=\"1600\" height=\"800\" data-id=\"330\" src=\"https:\/\/octavatarija.org\/wp-content\/uploads\/2025\/08\/formacion-infantil-2-1.jpg\" alt=\"\" class=\"wp-image-330\"\/><\/figure>\n\n\n\n<figure class=\"wp-block-image size-large\"><img loading=\"lazy\" decoding=\"async\" width=\"1600\" height=\"800\" data-id=\"329\" src=\"https:\/\/octavatarija.org\/wp-content\/uploads\/2025\/08\/formacion-infantil-1-1.jpg\" alt=\"\" class=\"wp-image-329\"\/><\/figure>\n<\/figure>\n\n\n\n<h5 class=\"wp-block-heading\">Orquesta Infantil:<\/h5>\n\n\n\n<p>Espacio para ni\u00f1os con experiencia inicial en m\u00fasica, donde se fomenta el trabajo en conjunto. Se refuerza la t\u00e9cnica instrumental, la lectura musical, la practica coral y la importancia de la sincronizaci\u00f3n en grupo.<\/p>\n\n\n\n<figure class=\"wp-block-gallery has-nested-images columns-default is-cropped wp-block-gallery-3 is-layout-flex wp-block-gallery-is-layout-flex\">\n<figure class=\"wp-block-image size-large\"><img loading=\"lazy\" decoding=\"async\" width=\"1440\" height=\"960\" data-id=\"112\" src=\"https:\/\/octavatarija.org\/wp-content\/uploads\/2025\/03\/476837770_636019642314153_6638410072044813540_n.jpg\" alt=\"\" class=\"wp-image-112\"\/><\/figure>\n\n\n\n<figure class=\"wp-block-image size-large\"><img loading=\"lazy\" decoding=\"async\" width=\"1440\" height=\"960\" data-id=\"111\" src=\"https:\/\/octavatarija.org\/wp-content\/uploads\/2025\/03\/476822142_636019625647488_3283269579798915600_n.jpg\" alt=\"\" class=\"wp-image-111\"\/><\/figure>\n\n\n\n<figure class=\"wp-block-image size-large\"><img loading=\"lazy\" decoding=\"async\" width=\"788\" height=\"661\" data-id=\"115\" src=\"https:\/\/octavatarija.org\/wp-content\/uploads\/2025\/03\/473283088_649395244319206_108862564322191635_n.jpg\" alt=\"\" class=\"wp-image-115\"\/><\/figure>\n\n\n\n<figure class=\"wp-block-image size-large\"><img loading=\"lazy\" decoding=\"async\" width=\"742\" height=\"788\" data-id=\"113\" src=\"https:\/\/octavatarija.org\/wp-content\/uploads\/2025\/03\/472666273_645615528030511_6656096686295113009_n.jpg\" alt=\"\" class=\"wp-image-113\"\/><\/figure>\n\n\n\n<figure class=\"wp-block-image size-large\"><img loading=\"lazy\" decoding=\"async\" width=\"940\" height=\"702\" data-id=\"114\" src=\"https:\/\/octavatarija.org\/wp-content\/uploads\/2025\/03\/472406287_645615194697211_1687216943146414808_n.jpg\" alt=\"\" class=\"wp-image-114\"\/><\/figure>\n\n\n\n<figure class=\"wp-block-image size-large\"><img loading=\"lazy\" decoding=\"async\" width=\"1429\" height=\"957\" data-id=\"116\" src=\"https:\/\/octavatarija.org\/wp-content\/uploads\/2025\/03\/456921136_520098767239575_146245027752866418_n.jpg\" alt=\"\" class=\"wp-image-116\"\/><\/figure>\n\n\n\n<figure class=\"wp-block-image size-large\"><img loading=\"lazy\" decoding=\"async\" width=\"1292\" height=\"865\" data-id=\"117\" src=\"https:\/\/octavatarija.org\/wp-content\/uploads\/2025\/03\/456872847_520098720572913_8128287292600257999_n.jpg\" alt=\"\" class=\"wp-image-117\"\/><\/figure>\n\n\n\n<figure class=\"wp-block-image size-large\"><img loading=\"lazy\" decoding=\"async\" width=\"1440\" height=\"960\" data-id=\"118\" src=\"https:\/\/octavatarija.org\/wp-content\/uploads\/2025\/03\/477341516_636664118916372_6564136477918982660_n.jpg\" alt=\"\" class=\"wp-image-118\"\/><\/figure>\n<\/figure>\n\n\n\n<h5 class=\"wp-block-heading\">Orquesta Acad\u00e9mica:<\/h5>\n\n\n\n<p>Pensada para j\u00f3venes con mayor experiencia y t\u00e9cnica consolidada. Este programa, creado con la Fundaci\u00f3n Musical Bravura, se centra en el perfeccionamiento art\u00edstico y prepara a los estudiantes para presentaciones a nivel local, regional y nacional. <\/p>\n\n\n\n<figure class=\"wp-block-gallery has-nested-images columns-default is-cropped wp-block-gallery-4 is-layout-flex wp-block-gallery-is-layout-flex\">\n<figure class=\"wp-block-image size-large\"><img loading=\"lazy\" decoding=\"async\" width=\"1440\" height=\"1038\" data-id=\"120\" src=\"https:\/\/octavatarija.org\/wp-content\/uploads\/2025\/03\/476905572_637030942213023_5265018900790280223_n.jpg\" alt=\"\" class=\"wp-image-120\"\/><\/figure>\n\n\n\n<figure class=\"wp-block-image size-large\"><img loading=\"lazy\" decoding=\"async\" width=\"1440\" height=\"960\" data-id=\"125\" src=\"https:\/\/octavatarija.org\/wp-content\/uploads\/2025\/03\/459037820_530214212894697_78990124247441084_n.jpg\" alt=\"\" class=\"wp-image-125\"\/><\/figure>\n\n\n\n<figure class=\"wp-block-image size-large\"><img loading=\"lazy\" decoding=\"async\" width=\"1354\" height=\"960\" data-id=\"126\" src=\"https:\/\/octavatarija.org\/wp-content\/uploads\/2025\/03\/456630492_519648647284587_153330657217284107_n.jpg\" alt=\"\" class=\"wp-image-126\"\/><\/figure>\n\n\n\n<figure class=\"wp-block-image size-large\"><img loading=\"lazy\" decoding=\"async\" width=\"1354\" height=\"960\" data-id=\"122\" src=\"https:\/\/octavatarija.org\/wp-content\/uploads\/2025\/03\/456565038_519648723951246_8057411165066938335_n.jpg\" alt=\"\" class=\"wp-image-122\"\/><\/figure>\n\n\n\n<figure class=\"wp-block-image size-large\"><img loading=\"lazy\" decoding=\"async\" width=\"1354\" height=\"960\" data-id=\"121\" src=\"https:\/\/octavatarija.org\/wp-content\/uploads\/2025\/03\/456587224_519648707284581_4178083425269161023_n.jpg\" alt=\"\" class=\"wp-image-121\"\/><\/figure>\n\n\n\n<figure class=\"wp-block-image size-large\"><img loading=\"lazy\" decoding=\"async\" width=\"960\" height=\"682\" data-id=\"123\" src=\"https:\/\/octavatarija.org\/wp-content\/uploads\/2025\/03\/456561647_519648660617919_1064786602526417360_n.jpg\" alt=\"\" class=\"wp-image-123\"\/><\/figure>\n\n\n\n<figure class=\"wp-block-image size-large\"><img loading=\"lazy\" decoding=\"async\" width=\"1297\" height=\"920\" data-id=\"124\" src=\"https:\/\/octavatarija.org\/wp-content\/uploads\/2025\/03\/456504387_519648740617911_4110915109823457334_n.jpg\" alt=\"\" class=\"wp-image-124\"\/><\/figure>\n\n\n\n<figure class=\"wp-block-image size-large\"><img loading=\"lazy\" decoding=\"async\" width=\"1343\" height=\"952\" data-id=\"127\" src=\"https:\/\/octavatarija.org\/wp-content\/uploads\/2025\/03\/456482131_519648640617921_5104432073997218265_n.jpg\" alt=\"\" class=\"wp-image-127\"\/><\/figure>\n<\/figure>\n\n\n\n<h5 class=\"wp-block-heading\">Sal\u00f3n de M\u00fasica:<\/h5>\n\n\n\n<p>Un programa de formaci\u00f3n musical para los ni\u00f1os y j\u00f3venes m\u00e1s avanzados a trav\u00e9s la pr\u00e1ctica de la m\u00fasica de c\u00e1mara, complementando la formaci\u00f3n estructurada de los dem\u00e1s programas.<\/p>\n\n\n\n<figure class=\"wp-block-gallery has-nested-images columns-default is-cropped wp-block-gallery-5 is-layout-flex wp-block-gallery-is-layout-flex\">\n<figure class=\"wp-block-image size-large\"><img loading=\"lazy\" decoding=\"async\" width=\"1200\" height=\"884\" data-id=\"133\" src=\"https:\/\/octavatarija.org\/wp-content\/uploads\/2025\/03\/476839252_636022808980503_3235645607724538623_n1.jpg\" alt=\"\" class=\"wp-image-133\"\/><\/figure>\n\n\n\n<figure class=\"wp-block-image size-large\"><img loading=\"lazy\" decoding=\"async\" width=\"1440\" height=\"960\" data-id=\"134\" src=\"https:\/\/octavatarija.org\/wp-content\/uploads\/2025\/03\/477813149_636663912249726_2522202249240931428_n.jpg\" alt=\"\" class=\"wp-image-134\"\/><\/figure>\n\n\n\n<figure class=\"wp-block-image size-large\"><img loading=\"lazy\" decoding=\"async\" width=\"1367\" height=\"996\" data-id=\"135\" src=\"https:\/\/octavatarija.org\/wp-content\/uploads\/2025\/03\/477235723_636020822314035_94099212361225658_n.jpg\" alt=\"\" class=\"wp-image-135\"\/><\/figure>\n\n\n\n<figure class=\"wp-block-image size-large\"><img loading=\"lazy\" decoding=\"async\" width=\"1440\" height=\"960\" data-id=\"136\" src=\"https:\/\/octavatarija.org\/wp-content\/uploads\/2025\/03\/477341516_636664118916372_6564136477918982660_n1.jpg\" alt=\"\" class=\"wp-image-136\"\/><\/figure>\n<\/figure>\n\n\n\n<h5 class=\"wp-block-heading\">Clases para Adultos:<\/h5>\n\n\n\n<p>Dise\u00f1adas para aquellos que desean comenzar o retomar su formaci\u00f3n musical en un ambiente amigable y profesional. Se abordan aspectos te\u00f3ricos y pr\u00e1cticos adaptados al ritmo y necesidades individuales.<\/p>\n\n\n\n<figure class=\"wp-block-gallery has-nested-images columns-default is-cropped wp-block-gallery-6 is-layout-flex wp-block-gallery-is-layout-flex\">\n<figure class=\"wp-block-image size-large\"><img loading=\"lazy\" decoding=\"async\" width=\"1032\" height=\"581\" data-id=\"165\" src=\"https:\/\/octavatarija.org\/wp-content\/uploads\/2025\/03\/d1df0fe8-8522-45f2-8484-019b89b76259.jpg\" alt=\"\" class=\"wp-image-165\"\/><\/figure>\n\n\n\n<figure class=\"wp-block-image size-large\"><img loading=\"lazy\" decoding=\"async\" width=\"960\" height=\"720\" data-id=\"167\" src=\"https:\/\/octavatarija.org\/wp-content\/uploads\/2025\/03\/27cc91fd-58fb-4851-8fd4-ddc11ef8d563.jpg\" alt=\"\" class=\"wp-image-167\"\/><\/figure>\n\n\n\n<figure class=\"wp-block-image size-large\"><img loading=\"lazy\" decoding=\"async\" width=\"1032\" height=\"581\" data-id=\"166\" src=\"https:\/\/octavatarija.org\/wp-content\/uploads\/2025\/03\/6b32e0be-3121-4d5e-843a-c471c0cb78f4.jpg\" alt=\"\" class=\"wp-image-166\"\/><\/figure>\n<\/figure>\n\n\n\n<h5 class=\"wp-block-heading\">Encuentros Orquestales con la Filarm\u00f3nica de Bolivia:<\/h5>\n\n\n\n<p>Encuentros orquestales gestionados por la Fundaci\u00f3n Musical Bravura, que permite a nuestros mejores m\u00fasicos interactuar con profesionales de la Filarm\u00f3nica, promoviendo el intercambio de experiencias y elevando el nivel art\u00edstico de nuestros benificiarios.<\/p>\n\n\n\n<figure class=\"wp-block-gallery has-nested-images columns-default is-cropped wp-block-gallery-7 is-layout-flex wp-block-gallery-is-layout-flex\">\n<figure class=\"wp-block-image size-large\"><img loading=\"lazy\" decoding=\"async\" width=\"4128\" height=\"2322\" data-id=\"158\" src=\"https:\/\/octavatarija.org\/wp-content\/uploads\/2025\/03\/20171101_171616.jpg\" alt=\"\" class=\"wp-image-158\"\/><\/figure>\n\n\n\n<figure class=\"wp-block-image size-large\"><img loading=\"lazy\" decoding=\"async\" width=\"1040\" height=\"780\" data-id=\"155\" src=\"https:\/\/octavatarija.org\/wp-content\/uploads\/2025\/03\/IMG-20171105-WA0017.jpg\" alt=\"\" class=\"wp-image-155\"\/><\/figure>\n\n\n\n<figure class=\"wp-block-image size-large\"><img loading=\"lazy\" decoding=\"async\" width=\"1280\" height=\"698\" data-id=\"157\" src=\"https:\/\/octavatarija.org\/wp-content\/uploads\/2025\/03\/WhatsApp-Image-2019-12-31-at-16.10.08.jpeg\" alt=\"\" class=\"wp-image-157\"\/><\/figure>\n\n\n\n<figure class=\"wp-block-image size-large\"><img loading=\"lazy\" decoding=\"async\" width=\"1280\" height=\"752\" data-id=\"156\" src=\"https:\/\/octavatarija.org\/wp-content\/uploads\/2025\/03\/WhatsApp-Image-2019-12-31-at-16.11.30.jpeg\" alt=\"\" class=\"wp-image-156\"\/><\/figure>\n<\/figure>\n\n\n\n<figure class=\"wp-block-gallery has-nested-images columns-default is-cropped wp-block-gallery-8 is-layout-flex wp-block-gallery-is-layout-flex\"><\/figure>\n\n\n\n<h5 class=\"wp-block-heading\">Talleres de Iberacademy en Medellin, Colombia y Tarija:<\/h5>\n\n\n\n<p>Experiencias internacionales que han enriquecido nuestro enfoque musical, permitiendo a los estudiantes sumergirse en entornos culturales diversos y fortalecer lazos art\u00edsticos. Estas actividades subrayan la proyecci\u00f3n internacional de la Fundaci\u00f3n y su compromiso con la excelencia.<\/p>\n\n\n\n<figure class=\"wp-block-gallery has-nested-images columns-default is-cropped wp-block-gallery-9 is-layout-flex wp-block-gallery-is-layout-flex\">\n<figure class=\"wp-block-image size-large\"><img loading=\"lazy\" decoding=\"async\" width=\"1040\" height=\"584\" data-id=\"149\" src=\"https:\/\/octavatarija.org\/wp-content\/uploads\/2025\/03\/6e4db8ee-53e4-4369-a712-994df7882853.jpg\" alt=\"\" class=\"wp-image-149\"\/><\/figure>\n\n\n\n<figure class=\"wp-block-image size-large\"><img loading=\"lazy\" decoding=\"async\" width=\"1440\" height=\"842\" data-id=\"150\" src=\"https:\/\/octavatarija.org\/wp-content\/uploads\/2025\/03\/48373632_566457973828137_3534215136317276160_o.jpg\" alt=\"\" class=\"wp-image-150\"\/><\/figure>\n\n\n\n<figure class=\"wp-block-image size-large\"><img loading=\"lazy\" decoding=\"async\" width=\"3264\" height=\"2448\" data-id=\"151\" src=\"https:\/\/octavatarija.org\/wp-content\/uploads\/2025\/03\/IMG_4900.jpg\" alt=\"\" class=\"wp-image-151\"\/><\/figure>\n\n\n\n<figure class=\"wp-block-image size-large\"><img loading=\"lazy\" decoding=\"async\" width=\"640\" height=\"1136\" data-id=\"153\" src=\"https:\/\/octavatarija.org\/wp-content\/uploads\/2025\/03\/IMG_5420.png\" alt=\"\" class=\"wp-image-153\"\/><\/figure>\n\n\n\n<figure class=\"wp-block-image size-large\"><img loading=\"lazy\" decoding=\"async\" width=\"1022\" height=\"663\" data-id=\"152\" src=\"https:\/\/octavatarija.org\/wp-content\/uploads\/2025\/03\/IMG_8537.jpg\" alt=\"\" class=\"wp-image-152\"\/><\/figure>\n\n\n\n<figure class=\"wp-block-image size-large\"><img loading=\"lazy\" decoding=\"async\" width=\"4160\" height=\"2340\" data-id=\"154\" src=\"https:\/\/octavatarija.org\/wp-content\/uploads\/2025\/03\/IMG_20181208_101826.jpg\" alt=\"\" class=\"wp-image-154\"\/><\/figure>\n<\/figure>\n\n\n\n<h4 class=\"wp-block-heading\">Talleres con Fundaciones y artistas internacionales<\/h4>\n\n\n\n<figure class=\"wp-block-gallery has-nested-images columns-default is-cropped wp-block-gallery-10 is-layout-flex wp-block-gallery-is-layout-flex\">\n<figure class=\"wp-block-image size-large\"><img loading=\"lazy\" decoding=\"async\" width=\"960\" height=\"540\" data-id=\"169\" src=\"https:\/\/octavatarija.org\/wp-content\/uploads\/2025\/03\/15355634_1829481933931356_8198822740083540999_n.jpg\" alt=\"\" class=\"wp-image-169\"\/><\/figure>\n\n\n\n<figure class=\"wp-block-image size-large\"><img loading=\"lazy\" decoding=\"async\" width=\"3500\" height=\"2625\" data-id=\"173\" src=\"https:\/\/octavatarija.org\/wp-content\/uploads\/2025\/03\/P1240389-copia.jpg\" alt=\"\" class=\"wp-image-173\"\/><\/figure>\n\n\n\n<figure class=\"wp-block-image size-large\"><img loading=\"lazy\" decoding=\"async\" width=\"3264\" height=\"2448\" data-id=\"170\" src=\"https:\/\/octavatarija.org\/wp-content\/uploads\/2025\/03\/IMG_1766.jpg\" alt=\"\" class=\"wp-image-170\"\/><\/figure>\n<\/figure>\n\n\n\n<h4 class=\"wp-block-heading\">Alianzas y colaboraciones con otras instituciones musicales<\/h4>\n\n\n\n<h5 class=\"wp-block-heading has-text-align-center\">Fundaci\u00f3n Musical Bravura (Bolivia):<\/h5>\n\n\n\n<div class=\"wp-block-stackable-image stk-block-image stk-block stk-638eca9\" data-block-id=\"638eca9\"><style>.stk-638eca9 .stk-img-wrapper{width:300px !important;}<\/style><figure><a class=\"stk-link\" href=\"https:\/\/www.facebook.com\/p\/Fundaci%C3%B3n-Musical-Bravura-100069260865268\/\" target=\"_blank\" rel=\"noreferrer noopener\"><span class=\"stk-img-wrapper stk-image--shape-stretch\"><img loading=\"lazy\" decoding=\"async\" class=\"stk-img wp-image-184\" src=\"http:\/\/octavatarija.org\/wp-content\/uploads\/2025\/03\/Bravura.png\" width=\"300\" height=\"169\"\/><\/span><\/a><\/figure><\/div>\n\n\n\n<h5 class=\"wp-block-heading has-text-align-center\">Fundaci\u00f3n Iberacademy (Colombia):<\/h5>\n\n\n\n<div class=\"wp-block-stackable-image stk-block-image stk-block stk-579b52b\" data-block-id=\"579b52b\"><style>.stk-579b52b .stk-img-wrapper{width:300px !important;}<\/style><figure><a class=\"stk-link\" href=\"https:\/\/iberacademy.org\/\" target=\"_blank\" rel=\"noreferrer noopener\"><span class=\"stk-img-wrapper stk-image--shape-stretch\"><img loading=\"lazy\" decoding=\"async\" class=\"stk-img wp-image-185\" src=\"http:\/\/octavatarija.org\/wp-content\/uploads\/2025\/03\/iberacademy.png\" width=\"300\" height=\"243\"\/><\/span><\/a><\/figure><\/div>\n\n\n\n<h5 class=\"wp-block-heading has-text-align-center\">Fundaci\u00f3n Auralia (Pa\u00edses Bajos):<\/h5>\n\n\n\n<div class=\"wp-block-stackable-image stk-block-image stk-block stk-26cd6fb\" data-block-id=\"26cd6fb\"><style>.stk-26cd6fb .stk-img-wrapper{width:300px !important;}<\/style><figure><a class=\"stk-link\" href=\"https:\/\/www.auraliafoundation.org\/es\" target=\"_blank\" rel=\"noreferrer noopener\"><span class=\"stk-img-wrapper stk-image--shape-stretch\"><img loading=\"lazy\" decoding=\"async\" class=\"stk-img wp-image-183\" src=\"http:\/\/octavatarija.org\/wp-content\/uploads\/2025\/03\/Auralia.png\" width=\"300\" height=\"300\"\/><\/span><\/a><\/figure><\/div>\n\n\n\n<h5 class=\"wp-block-heading has-text-align-center\">Fundaci\u00f3n Leche y Miel (Bolivia):<\/h5>\n\n\n\n<div class=\"wp-block-stackable-image stk-block-image stk-block stk-b451642\" data-block-id=\"b451642\"><style>.stk-b451642 .stk-img-wrapper{width:300px !important;}<\/style><figure><a class=\"stk-link\" href=\"https:\/\/www.facebook.com\/FundacionLecheyMielTarija\" target=\"_blank\" rel=\"noreferrer noopener\"><span class=\"stk-img-wrapper stk-image--shape-stretch\"><img loading=\"lazy\" decoding=\"async\" class=\"stk-img wp-image-186\" src=\"http:\/\/octavatarija.org\/wp-content\/uploads\/2025\/03\/Leche_y_Miel.png\" width=\"300\" height=\"300\"\/><\/span><\/a><\/figure><\/div>\n","protected":false},"excerpt":{"rendered":"<p>La Fundaci\u00f3n Octava desarrolla programas educativos y sociales que fusionan la formaci\u00f3n musical con el desarrollo personal y comunitario. A trav\u00e9s de clases, talleres de orquesta sinf\u00f3nica, clases de instrumentos, clases de coro y actividades complementarias de dibujo y expresi\u00f3n corporal, brindamos a ni\u00f1os y j\u00f3venes la oportunidad de aprender en un ambiente seguro y [&hellip;]<\/p>\n","protected":false},"author":1,"featured_media":0,"parent":0,"menu_order":0,"comment_status":"closed","ping_status":"closed","template":"","meta":{"pgc_sgb_lightbox_settings":"","footnotes":""},"class_list":["post-70","page","type-page","status-publish","hentry"],"blocksy_meta":[],"_links":{"self":[{"href":"https:\/\/octavatarija.org\/index.php?rest_route=\/wp\/v2\/pages\/70","targetHints":{"allow":["GET"]}}],"collection":[{"href":"https:\/\/octavatarija.org\/index.php?rest_route=\/wp\/v2\/pages"}],"about":[{"href":"https:\/\/octavatarija.org\/index.php?rest_route=\/wp\/v2\/types\/page"}],"author":[{"embeddable":true,"href":"https:\/\/octavatarija.org\/index.php?rest_route=\/wp\/v2\/users\/1"}],"replies":[{"embeddable":true,"href":"https:\/\/octavatarija.org\/index.php?rest_route=%2Fwp%2Fv2%2Fcomments&post=70"}],"version-history":[{"count":20,"href":"https:\/\/octavatarija.org\/index.php?rest_route=\/wp\/v2\/pages\/70\/revisions"}],"predecessor-version":[{"id":334,"href":"https:\/\/octavatarija.org\/index.php?rest_route=\/wp\/v2\/pages\/70\/revisions\/334"}],"wp:attachment":[{"href":"https:\/\/octavatarija.org\/index.php?rest_route=%2Fwp%2Fv2%2Fmedia&parent=70"}],"curies":[{"name":"wp","href":"https:\/\/api.w.org\/{rel}","templated":true}]}}