{"id":8,"date":"2025-02-20T08:41:36","date_gmt":"2025-02-20T12:41:36","guid":{"rendered":"http:\/\/octavatarija.org\/?page_id=8"},"modified":"2025-05-14T09:30:31","modified_gmt":"2025-05-14T13:30:31","slug":"quienes-somos","status":"publish","type":"page","link":"https:\/\/octavatarija.org\/?page_id=8","title":{"rendered":"Qui\u00e9nes Somos"},"content":{"rendered":"\n<h5 class=\"wp-block-heading\">Nuestra Historia<\/h5>\n\n\n\n<p>La Fundaci\u00f3n Octava naci\u00f3 en 2017 con una visi\u00f3n clara: utilizar la m\u00fasica como una herramienta de transformaci\u00f3n social y personal para ni\u00f1os y j\u00f3venes de Tarija, Bolivia.<br>Desde hace a\u00f1os, en Tarija, muchos ni\u00f1os y j\u00f3venes con talento musical carec\u00edan de acceso a una educaci\u00f3n art\u00edstica de calidad y de oportunidades para desarrollarse en un entorno orquestal. A pesar de la riqueza cultural de la ciudad y del departamento de Tarija, el acceso a la m\u00fasica acad\u00e9mica y la formaci\u00f3n instrumental segu\u00eda siendo limitado, especialmente para aquellos en situaci\u00f3n de vulnerabilidad.<br>Frente a esta realidad, un grupo de m\u00fasicos y educadores apasionados decidi\u00f3 crear un espacio donde la m\u00fasica no solo fuera un arte, sino tambi\u00e9n una v\u00eda para el desarrollo personal, la integraci\u00f3n social y la superaci\u00f3n de barreras econ\u00f3micas y culturales. As\u00ed naci\u00f3 la Fundaci\u00f3n Octava, con el objetivo de brindar educaci\u00f3n musical, formaci\u00f3n orquestal y oportunidades de crecimiento a ni\u00f1os y j\u00f3venes de la regi\u00f3n.<br>Gracias a una base de j\u00f3venes m\u00fasicos locales, y con el apoyo de intervenciones profesionales nacionales e internacionales, la fundaci\u00f3n ha fortalecido su impacto. En este camino, hemos establecido v\u00ednculos con instituciones reconocidas como a Fundaci\u00f3n Musical Bravura en Bolivia, la Fundaci\u00f3n Iberacademy en Colombia y diversas entidades musicales y sociales en Bolivia y en el exterior, como la Fundaci\u00f3n Aurelia y Fundaci\u00f3n Leche y Miel. Estas alianzas nos han permitido mejorar la formaci\u00f3n de nuestros m\u00fasicos y conectar Tarija con la escena musical internacional.<br>Adem\u00e1s, conscientes del potencial de la m\u00fasica para fortalecer la comunidad extranjera en Tarija, la fundaci\u00f3n ha desarrollado iniciativas que incluyen a ni\u00f1os de diferentes nacionalidades, promoviendo la diversidad cultural y la integraci\u00f3n a trav\u00e9s del arte.<br>Hoy, la Fundaci\u00f3n Octava sigue creciendo, con proyectos que combinan la educaci\u00f3n musical, la expresi\u00f3n art\u00edstica y el desarrollo social, generando un impacto positivo tanto en sus participantes como en la comunidad en general. Apostamos por un futuro donde la m\u00fasica contin\u00fae inspirando, educando y transformando vidas en Tarija y m\u00e1s all\u00e1.<\/p>\n\n\n\n<h5 class=\"wp-block-heading\">Misi\u00f3n<\/h5>\n\n\n\n<p>La Fundaci\u00f3n Octava tiene como misi\u00f3n transformar vidas a trav\u00e9s de la m\u00fasica, brindando a ni\u00f1os y j\u00f3venes de Tarija acceso a una educaci\u00f3n musical de calidad. Creemos en la pr\u00e1ctica orquestal como una herramienta de desarrollo personal, social y cultural, promoviendo valores como la disciplina, el trabajo en equipo y la sensibilidad art\u00edstica. A trav\u00e9s de la ense\u00f1anza musical, buscamos generar oportunidades para los talentos emergentes, fortalecer la integraci\u00f3n social y enriquecer el panorama cultural de nuestra comunidad.<\/p>\n\n\n\n<h5 class=\"wp-block-heading\">Visi\u00f3n<\/h5>\n\n\n\n<p>Nuestra visi\u00f3n es consolidarnos como un referente en la formaci\u00f3n musical y el impacto social a trav\u00e9s de la m\u00fasica en Bolivia, ampliando nuestro alcance a m\u00e1s ni\u00f1os y j\u00f3venes. Queremos fortalecer nuestras alianzas con instituciones nacionales e internacionales, garantizando oportunidades de crecimiento para nuestros m\u00fasicos. Aspiramos a que Tarija sea reconocida como un centro de desarrollo art\u00edstico y cultural, donde la m\u00fasica sirva como un puente para la integraci\u00f3n, la inclusi\u00f3n y la transformaci\u00f3n social.<\/p>\n\n\n\n<h5 class=\"wp-block-heading\">Nuestros Valores<\/h5>\n\n\n\n<p>En la Fundaci\u00f3n Octava, nos guiamos por principios fundamentales que reflejan nuestro compromiso con la educaci\u00f3n musical y el impacto social:<br>\u2022 Inclusi\u00f3n \u2013 Creemos que la m\u00fasica es un derecho para todos, sin importar su origen, condici\u00f3n social o nacionalidad. Fomentamos un espacio accesible y diverso donde cada ni\u00f1o y joven pueda desarrollarse.<br>\u2022 Prevenci\u00f3n social \u2013 Creemos que el acceso a la educaci\u00f3n musical ayuda a prevenir situaciones de riesgo, alejando a ni\u00f1os y j\u00f3venes de problem\u00e1ticas como la violencia, la exclusi\u00f3n y el abandono escolar. La m\u00fasica brinda una alternativa positiva para su desarrollo integral.<br>\u2022 Rescate social \u2013 Nuestro programa est\u00e1 dise\u00f1ado para brindar oportunidades a ni\u00f1os y j\u00f3venes en situaci\u00f3n de vulnerabilidad, utilizando la m\u00fasica como un medio para la inclusi\u00f3n, el apoyo emocional y la reconstrucci\u00f3n de sus proyectos de vida.<br>\u2022 Trabajo en equipo \u2013 La pr\u00e1ctica orquestal nos ense\u00f1a que el \u00e9xito se construye juntos. Promovemos la cooperaci\u00f3n, el respeto y la solidaridad como pilares fundamentales del aprendizaje musical y la convivencia.<br>\u2022 Excelencia art\u00edstica y educativa \u2013 Nos esforzamos por brindar una formaci\u00f3n de alta calidad, con metodolog\u00edas innovadoras y el apoyo de m\u00fasicos profesionales nacionales e internacionales.<br>\u2022 Compromiso social \u2013 M\u00e1s que una escuela de m\u00fasica, somos un proyecto de transformaci\u00f3n social. Buscamos mejorar la vida de nuestros beneficiarios y fortalecer el tejido cultural de Tarija a trav\u00e9s del arte.<br>\u2022 Cultura e identidad \u2013 Valoramos y promovemos la riqueza cultural de nuestra regi\u00f3n, integrando la m\u00fasica como parte esencial del patrimonio y la identidad local.<br>\u2022 Superaci\u00f3n y disciplina \u2013 La m\u00fasica es un camino de esfuerzo y crecimiento. Fomentamos la constancia, la responsabilidad y la perseverancia para que nuestros j\u00f3venes puedan alcanzar su m\u00e1ximo potencial.<\/p>\n","protected":false},"excerpt":{"rendered":"<p>Nuestra Historia La Fundaci\u00f3n Octava naci\u00f3 en 2017 con una visi\u00f3n clara: utilizar la m\u00fasica como una herramienta de transformaci\u00f3n social y personal para ni\u00f1os y j\u00f3venes de Tarija, Bolivia.Desde hace a\u00f1os, en Tarija, muchos ni\u00f1os y j\u00f3venes con talento musical carec\u00edan de acceso a una educaci\u00f3n art\u00edstica de calidad y de oportunidades para desarrollarse [&hellip;]<\/p>\n","protected":false},"author":1,"featured_media":0,"parent":0,"menu_order":0,"comment_status":"closed","ping_status":"closed","template":"","meta":{"pgc_sgb_lightbox_settings":"","footnotes":""},"class_list":["post-8","page","type-page","status-publish","hentry"],"blocksy_meta":[],"_links":{"self":[{"href":"https:\/\/octavatarija.org\/index.php?rest_route=\/wp\/v2\/pages\/8","targetHints":{"allow":["GET"]}}],"collection":[{"href":"https:\/\/octavatarija.org\/index.php?rest_route=\/wp\/v2\/pages"}],"about":[{"href":"https:\/\/octavatarija.org\/index.php?rest_route=\/wp\/v2\/types\/page"}],"author":[{"embeddable":true,"href":"https:\/\/octavatarija.org\/index.php?rest_route=\/wp\/v2\/users\/1"}],"replies":[{"embeddable":true,"href":"https:\/\/octavatarija.org\/index.php?rest_route=%2Fwp%2Fv2%2Fcomments&post=8"}],"version-history":[{"count":4,"href":"https:\/\/octavatarija.org\/index.php?rest_route=\/wp\/v2\/pages\/8\/revisions"}],"predecessor-version":[{"id":206,"href":"https:\/\/octavatarija.org\/index.php?rest_route=\/wp\/v2\/pages\/8\/revisions\/206"}],"wp:attachment":[{"href":"https:\/\/octavatarija.org\/index.php?rest_route=%2Fwp%2Fv2%2Fmedia&parent=8"}],"curies":[{"name":"wp","href":"https:\/\/api.w.org\/{rel}","templated":true}]}}